{"id":98,"date":"2026-03-09T11:46:04","date_gmt":"2026-03-09T14:46:04","guid":{"rendered":"http:\/\/nutrigas.goiania.br\/?page_id=98"},"modified":"2026-03-19T14:14:13","modified_gmt":"2026-03-19T17:14:13","slug":"home","status":"publish","type":"page","link":"https:\/\/nutrigas.goiania.br\/","title":{"rendered":"Home"},"content":{"rendered":"\t\t<div data-elementor-type=\"wp-page\" data-elementor-id=\"98\" class=\"elementor elementor-98\">\n\t\t\t\t<div class=\"elementor-element elementor-element-7426c920 e-flex e-con-boxed e-con e-parent\" data-id=\"7426c920\" data-element_type=\"container\" data-e-type=\"container\" data-settings=\"{&quot;background_background&quot;:&quot;classic&quot;}\">\n\t\t\t\t\t<div class=\"e-con-inner\">\n\t\t\t\t<div class=\"elementor-element elementor-element-b949d2f elementor-invisible elementor-widget elementor-widget-image\" data-id=\"b949d2f\" data-element_type=\"widget\" data-e-type=\"widget\" data-settings=\"{&quot;_animation&quot;:&quot;slideInUp&quot;,&quot;_animation_mobile&quot;:&quot;none&quot;}\" data-widget_type=\"image.default\">\n\t\t\t\t\t\t\t\t\t\t\t\t\t\t\t<img fetchpriority=\"high\" decoding=\"async\" width=\"283\" height=\"283\" src=\"https:\/\/nutrigas.goiania.br\/wp-content\/uploads\/2026\/03\/4.png\" class=\"attachment-medium_large size-medium_large wp-image-120\" alt=\"\" srcset=\"https:\/\/nutrigas.goiania.br\/wp-content\/uploads\/2026\/03\/4.png 283w, https:\/\/nutrigas.goiania.br\/wp-content\/uploads\/2026\/03\/4-150x150.png 150w\" sizes=\"(max-width: 283px) 100vw, 283px\" \/>\t\t\t\t\t\t\t\t\t\t\t\t\t\t\t<\/div>\n\t\t\t\t<div class=\"elementor-element elementor-element-4a0fd027 elementor-invisible elementor-widget elementor-widget-heading\" data-id=\"4a0fd027\" data-element_type=\"widget\" data-e-type=\"widget\" data-settings=\"{&quot;_animation&quot;:&quot;fadeIn&quot;,&quot;_animation_mobile&quot;:&quot;fadeInUp&quot;}\" data-widget_type=\"heading.default\">\n\t\t\t\t\t<h1 class=\"elementor-heading-title elementor-size-default\">O SEU G\u00c1S ACABOU?<\/h1>\t\t\t\t<\/div>\n\t\t\t\t<div class=\"elementor-element elementor-element-81b8ca3 elementor-widget elementor-widget-heading\" data-id=\"81b8ca3\" data-element_type=\"widget\" data-e-type=\"widget\" data-settings=\"{&quot;_animation_mobile&quot;:&quot;fadeInUp&quot;}\" data-widget_type=\"heading.default\">\n\t\t\t\t\t<h2 class=\"elementor-heading-title elementor-size-default\">a Nutrig\u00e1s resolve!<\/h2>\t\t\t\t<\/div>\n\t\t\t\t<div class=\"elementor-element elementor-element-505bff5e elementor-invisible elementor-widget elementor-widget-heading\" data-id=\"505bff5e\" data-element_type=\"widget\" data-e-type=\"widget\" data-settings=\"{&quot;_animation&quot;:&quot;fadeInDown&quot;,&quot;_animation_mobile&quot;:&quot;fadeInUp&quot;}\" data-widget_type=\"heading.default\">\n\t\t\t\t\t<h5 class=\"elementor-heading-title elementor-size-default\">Atendemos v\u00e1rias regi\u00f5es de Goi\u00e2nia para garantir rapidez na entrega. Fale conosco !<\/h5>\t\t\t\t<\/div>\n\t\t\t\t<div class=\"elementor-element elementor-element-4b7c188d elementor-align-center elementor-widget-mobile__width-initial elementor-widget elementor-widget-button\" data-id=\"4b7c188d\" data-element_type=\"widget\" data-e-type=\"widget\" data-widget_type=\"button.default\">\n\t\t\t\t\t\t\t\t\t\t<a class=\"elementor-button elementor-button-link elementor-size-sm\" href=\"https:\/\/wa.me\/5562998192842\">\n\t\t\t\t\t\t<span class=\"elementor-button-content-wrapper\">\n\t\t\t\t\t\t\t\t\t<span class=\"elementor-button-text\">whatsapp<\/span>\n\t\t\t\t\t<\/span>\n\t\t\t\t\t<\/a>\n\t\t\t\t\t\t\t\t<\/div>\n\t\t\t\t\t<\/div>\n\t\t\t\t<\/div>\n\t\t<div class=\"elementor-element elementor-element-3034535b e-con-full e-flex e-con e-parent\" data-id=\"3034535b\" data-element_type=\"container\" data-e-type=\"container\" data-settings=\"{&quot;background_background&quot;:&quot;classic&quot;}\">\n\t\t<div class=\"elementor-element elementor-element-6a263b30 e-con-full e-flex e-con e-child\" data-id=\"6a263b30\" data-element_type=\"container\" data-e-type=\"container\">\n\t\t\t\t<div class=\"elementor-element elementor-element-39b4cc8f elementor-widget elementor-widget-heading\" data-id=\"39b4cc8f\" data-element_type=\"widget\" data-e-type=\"widget\" data-widget_type=\"heading.default\">\n\t\t\t\t\t<h2 class=\"elementor-heading-title elementor-size-default\">Conhe\u00e7a a Nutrig\u00e1s<\/h2>\t\t\t\t<\/div>\n\t\t\t\t<div class=\"elementor-element elementor-element-6cca1cbf elementor-widget elementor-widget-text-editor\" data-id=\"6cca1cbf\" data-element_type=\"widget\" data-e-type=\"widget\" data-widget_type=\"text-editor.default\">\n\t\t\t\t\t\t\t\t\t<p data-start=\"40\" data-end=\"212\">A Nutrig\u00e1s \u00e9 um dep\u00f3sito de g\u00e1s de cozinha refer\u00eancia em Goi\u00e2nia, com mais de <strong data-start=\"118\" data-end=\"140\">33 anos de mercado<\/strong> entregando qualidade, pre\u00e7o justo e a seguran\u00e7a que sua fam\u00edlia merece.<\/p><p data-start=\"214\" data-end=\"332\">Atendemos v\u00e1rias regi\u00f5es de Goi\u00e2nia para garantir rapidez na entrega. Fale conosco e confirme se j\u00e1 chegamos at\u00e9 voc\u00ea.<\/p>\t\t\t\t\t\t\t\t<\/div>\n\t\t\t\t<div class=\"elementor-element elementor-element-5b473ebf elementor-mobile-align-center elementor-invisible elementor-widget elementor-widget-button\" data-id=\"5b473ebf\" data-element_type=\"widget\" data-e-type=\"widget\" data-settings=\"{&quot;_animation&quot;:&quot;fadeInDown&quot;}\" data-widget_type=\"button.default\">\n\t\t\t\t\t\t\t\t\t\t<a class=\"elementor-button elementor-button-link elementor-size-sm\" href=\"https:\/\/wa.me\/5562998192842\">\n\t\t\t\t\t\t<span class=\"elementor-button-content-wrapper\">\n\t\t\t\t\t\t\t\t\t<span class=\"elementor-button-text\">whatsapp<\/span>\n\t\t\t\t\t<\/span>\n\t\t\t\t\t<\/a>\n\t\t\t\t\t\t\t\t<\/div>\n\t\t\t\t<\/div>\n\t\t<div class=\"elementor-element elementor-element-5b47e6ab e-con-full e-flex e-con e-child\" data-id=\"5b47e6ab\" data-element_type=\"container\" data-e-type=\"container\">\n\t\t\t\t<div class=\"elementor-element elementor-element-3f9683f3 elementor-widget elementor-widget-image\" data-id=\"3f9683f3\" data-element_type=\"widget\" data-e-type=\"widget\" data-widget_type=\"image.default\">\n\t\t\t\t\t\t\t\t\t\t\t\t\t\t\t<img decoding=\"async\" width=\"300\" height=\"300\" src=\"https:\/\/nutrigas.goiania.br\/wp-content\/uploads\/2026\/03\/ChatGPT-Image-18-de-fev.-de-2026-14_40_27-300x300.png\" class=\"attachment-medium size-medium wp-image-123\" alt=\"\" srcset=\"https:\/\/nutrigas.goiania.br\/wp-content\/uploads\/2026\/03\/ChatGPT-Image-18-de-fev.-de-2026-14_40_27-300x300.png 300w, https:\/\/nutrigas.goiania.br\/wp-content\/uploads\/2026\/03\/ChatGPT-Image-18-de-fev.-de-2026-14_40_27-150x150.png 150w, https:\/\/nutrigas.goiania.br\/wp-content\/uploads\/2026\/03\/ChatGPT-Image-18-de-fev.-de-2026-14_40_27-768x768.png 768w, https:\/\/nutrigas.goiania.br\/wp-content\/uploads\/2026\/03\/ChatGPT-Image-18-de-fev.-de-2026-14_40_27.png 1024w\" sizes=\"(max-width: 300px) 100vw, 300px\" \/>\t\t\t\t\t\t\t\t\t\t\t\t\t\t\t<\/div>\n\t\t\t\t<\/div>\n\t\t\t\t<\/div>\n\t\t<div class=\"elementor-element elementor-element-a0f57ec e-con-full e-flex e-con e-parent\" data-id=\"a0f57ec\" data-element_type=\"container\" data-e-type=\"container\" data-settings=\"{&quot;background_background&quot;:&quot;classic&quot;}\">\n\t\t\t\t<div class=\"elementor-element elementor-element-396cc28 elementor-widget elementor-widget-spacer\" data-id=\"396cc28\" data-element_type=\"widget\" data-e-type=\"widget\" data-widget_type=\"spacer.default\">\n\t\t\t\t\t\t\t<div class=\"elementor-spacer\">\n\t\t\t<div class=\"elementor-spacer-inner\"><\/div>\n\t\t<\/div>\n\t\t\t\t\t\t<\/div>\n\t\t\t\t<div class=\"elementor-element elementor-element-49b32ff7 elementor-widget elementor-widget-heading\" data-id=\"49b32ff7\" data-element_type=\"widget\" data-e-type=\"widget\" data-widget_type=\"heading.default\">\n\t\t\t\t\t<h2 class=\"elementor-heading-title elementor-size-default\">Vantagens da Nutrig\u00e1s<\/h2>\t\t\t\t<\/div>\n\t\t\t\t<div class=\"elementor-element elementor-element-825c12f elementor-widget elementor-widget-heading\" data-id=\"825c12f\" data-element_type=\"widget\" data-e-type=\"widget\" data-widget_type=\"heading.default\">\n\t\t\t\t\t<h5 class=\"elementor-heading-title elementor-size-default\">Seu g\u00e1s entregue com agilidade e confian\u00e7a.<\/h5>\t\t\t\t<\/div>\n\t\t\t\t<div class=\"elementor-element elementor-element-53a6c907 gallery-spacing-custom elementor-widget elementor-widget-image-gallery\" data-id=\"53a6c907\" data-element_type=\"widget\" data-e-type=\"widget\" data-widget_type=\"image-gallery.default\">\n\t\t\t\t\t\t\t<div class=\"elementor-image-gallery\">\n\t\t\t<div id='gallery-1' class='gallery galleryid-98 gallery-columns-3 gallery-size-medium'><figure class='gallery-item'>\n\t\t\t<div class='gallery-icon landscape'>\n\t\t\t\t<a data-elementor-open-lightbox=\"yes\" data-elementor-lightbox-slideshow=\"53a6c907\" data-elementor-lightbox-title=\"ChatGPT Image 18 de fev. de 2026, 14_34_18\" data-e-action-hash=\"#elementor-action%3Aaction%3Dlightbox%26settings%3DeyJpZCI6MTUwLCJ1cmwiOiJodHRwczpcL1wvbnV0cmlnYXMuZ29pYW5pYS5iclwvd3AtY29udGVudFwvdXBsb2Fkc1wvMjAyNlwvMDNcL0NoYXRHUFQtSW1hZ2UtMTgtZGUtZmV2Li1kZS0yMDI2LTE0XzM0XzE4LTEucG5nIiwic2xpZGVzaG93IjoiNTNhNmM5MDcifQ%3D%3D\" href='https:\/\/nutrigas.goiania.br\/wp-content\/uploads\/2026\/03\/ChatGPT-Image-18-de-fev.-de-2026-14_34_18-1.png'><img decoding=\"async\" width=\"300\" height=\"300\" src=\"https:\/\/nutrigas.goiania.br\/wp-content\/uploads\/2026\/03\/ChatGPT-Image-18-de-fev.-de-2026-14_34_18-1-300x300.png\" class=\"attachment-medium size-medium\" alt=\"\" srcset=\"https:\/\/nutrigas.goiania.br\/wp-content\/uploads\/2026\/03\/ChatGPT-Image-18-de-fev.-de-2026-14_34_18-1-300x300.png 300w, https:\/\/nutrigas.goiania.br\/wp-content\/uploads\/2026\/03\/ChatGPT-Image-18-de-fev.-de-2026-14_34_18-1-150x150.png 150w, https:\/\/nutrigas.goiania.br\/wp-content\/uploads\/2026\/03\/ChatGPT-Image-18-de-fev.-de-2026-14_34_18-1-768x768.png 768w, https:\/\/nutrigas.goiania.br\/wp-content\/uploads\/2026\/03\/ChatGPT-Image-18-de-fev.-de-2026-14_34_18-1.png 1024w\" sizes=\"(max-width: 300px) 100vw, 300px\" \/><\/a>\n\t\t\t<\/div><\/figure><figure class='gallery-item'>\n\t\t\t<div class='gallery-icon landscape'>\n\t\t\t\t<a data-elementor-open-lightbox=\"yes\" data-elementor-lightbox-slideshow=\"53a6c907\" data-elementor-lightbox-title=\",(1)\" data-e-action-hash=\"#elementor-action%3Aaction%3Dlightbox%26settings%3DeyJpZCI6MTI1LCJ1cmwiOiJodHRwczpcL1wvbnV0cmlnYXMuZ29pYW5pYS5iclwvd3AtY29udGVudFwvdXBsb2Fkc1wvMjAyNlwvMDNcLzEucG5nIiwic2xpZGVzaG93IjoiNTNhNmM5MDcifQ%3D%3D\" href='https:\/\/nutrigas.goiania.br\/wp-content\/uploads\/2026\/03\/1.png'><img loading=\"lazy\" decoding=\"async\" width=\"300\" height=\"300\" src=\"https:\/\/nutrigas.goiania.br\/wp-content\/uploads\/2026\/03\/1-300x300.png\" class=\"attachment-medium size-medium\" alt=\"\" srcset=\"https:\/\/nutrigas.goiania.br\/wp-content\/uploads\/2026\/03\/1-300x300.png 300w, https:\/\/nutrigas.goiania.br\/wp-content\/uploads\/2026\/03\/1-1024x1024.png 1024w, https:\/\/nutrigas.goiania.br\/wp-content\/uploads\/2026\/03\/1-150x150.png 150w, https:\/\/nutrigas.goiania.br\/wp-content\/uploads\/2026\/03\/1-768x768.png 768w, https:\/\/nutrigas.goiania.br\/wp-content\/uploads\/2026\/03\/1.png 1080w\" sizes=\"(max-width: 300px) 100vw, 300px\" \/><\/a>\n\t\t\t<\/div><\/figure><figure class='gallery-item'>\n\t\t\t<div class='gallery-icon landscape'>\n\t\t\t\t<a data-elementor-open-lightbox=\"yes\" data-elementor-lightbox-slideshow=\"53a6c907\" data-elementor-lightbox-title=\"gas_cylinders_1080x1080\" data-e-action-hash=\"#elementor-action%3Aaction%3Dlightbox%26settings%3DeyJpZCI6MTUxLCJ1cmwiOiJodHRwczpcL1wvbnV0cmlnYXMuZ29pYW5pYS5iclwvd3AtY29udGVudFwvdXBsb2Fkc1wvMjAyNlwvMDNcL2dhc19jeWxpbmRlcnNfMTA4MHgxMDgwLnBuZyIsInNsaWRlc2hvdyI6IjUzYTZjOTA3In0%3D\" href='https:\/\/nutrigas.goiania.br\/wp-content\/uploads\/2026\/03\/gas_cylinders_1080x1080.png'><img loading=\"lazy\" decoding=\"async\" width=\"300\" height=\"300\" src=\"https:\/\/nutrigas.goiania.br\/wp-content\/uploads\/2026\/03\/gas_cylinders_1080x1080-300x300.png\" class=\"attachment-medium size-medium\" alt=\"\" srcset=\"https:\/\/nutrigas.goiania.br\/wp-content\/uploads\/2026\/03\/gas_cylinders_1080x1080-300x300.png 300w, https:\/\/nutrigas.goiania.br\/wp-content\/uploads\/2026\/03\/gas_cylinders_1080x1080-1024x1024.png 1024w, https:\/\/nutrigas.goiania.br\/wp-content\/uploads\/2026\/03\/gas_cylinders_1080x1080-150x150.png 150w, https:\/\/nutrigas.goiania.br\/wp-content\/uploads\/2026\/03\/gas_cylinders_1080x1080-768x768.png 768w, https:\/\/nutrigas.goiania.br\/wp-content\/uploads\/2026\/03\/gas_cylinders_1080x1080.png 1080w\" sizes=\"(max-width: 300px) 100vw, 300px\" \/><\/a>\n\t\t\t<\/div><\/figure>\n\t\t<\/div>\n\t\t<\/div>\n\t\t\t\t\t\t<\/div>\n\t\t\t\t<div class=\"elementor-element elementor-element-5a92b038 elementor-align-center elementor-invisible elementor-widget elementor-widget-button\" data-id=\"5a92b038\" data-element_type=\"widget\" data-e-type=\"widget\" data-settings=\"{&quot;_animation&quot;:&quot;fadeInDown&quot;}\" data-widget_type=\"button.default\">\n\t\t\t\t\t\t\t\t\t\t<a class=\"elementor-button elementor-button-link elementor-size-sm\" href=\"https:\/\/wa.me\/5562998192842\">\n\t\t\t\t\t\t<span class=\"elementor-button-content-wrapper\">\n\t\t\t\t\t\t\t\t\t<span class=\"elementor-button-text\">whatsapp<\/span>\n\t\t\t\t\t<\/span>\n\t\t\t\t\t<\/a>\n\t\t\t\t\t\t\t\t<\/div>\n\t\t\t\t<div class=\"elementor-element elementor-element-f3fb857 elementor-widget elementor-widget-spacer\" data-id=\"f3fb857\" data-element_type=\"widget\" data-e-type=\"widget\" data-widget_type=\"spacer.default\">\n\t\t\t\t\t\t\t<div class=\"elementor-spacer\">\n\t\t\t<div class=\"elementor-spacer-inner\"><\/div>\n\t\t<\/div>\n\t\t\t\t\t\t<\/div>\n\t\t\t\t<\/div>\n\t\t<div class=\"elementor-element elementor-element-294cc845 e-con-full e-flex e-con e-parent\" data-id=\"294cc845\" data-element_type=\"container\" data-e-type=\"container\" data-settings=\"{&quot;background_background&quot;:&quot;classic&quot;}\">\n\t\t\t\t<div class=\"elementor-element elementor-element-3130015 elementor-widget elementor-widget-image\" data-id=\"3130015\" data-element_type=\"widget\" data-e-type=\"widget\" data-widget_type=\"image.default\">\n\t\t\t\t\t\t\t\t\t\t\t\t\t\t\t<img decoding=\"async\" src=\"https:\/\/nutrigas.goiania.br\/wp-content\/uploads\/2026\/03\/Sem-nome-1920-x-1080-px11.webp\" title=\"Sem nome (1920 x 1080 px)(11)\" alt=\"Sem nome (1920 x 1080 px)(11)\" loading=\"lazy\" \/>\t\t\t\t\t\t\t\t\t\t\t\t\t\t\t<\/div>\n\t\t\t\t<\/div>\n\t\t<div class=\"elementor-element elementor-element-466e6448 e-con-full e-grid e-con e-parent\" data-id=\"466e6448\" data-element_type=\"container\" data-e-type=\"container\" data-settings=\"{&quot;background_background&quot;:&quot;classic&quot;}\">\n\t\t<div class=\"elementor-element elementor-element-5a16065 e-con-full e-flex e-con e-child\" data-id=\"5a16065\" data-element_type=\"container\" data-e-type=\"container\">\n\t\t\t\t<div class=\"elementor-element elementor-element-15f5d1e1 elementor-widget elementor-widget-image\" data-id=\"15f5d1e1\" data-element_type=\"widget\" data-e-type=\"widget\" data-widget_type=\"image.default\">\n\t\t\t\t\t\t\t\t\t\t\t\t\t\t\t<img loading=\"lazy\" decoding=\"async\" width=\"1080\" height=\"1080\" src=\"https:\/\/nutrigas.goiania.br\/wp-content\/uploads\/2026\/03\/\ud83d\uded2-Nosso-Produto.webp\" class=\"attachment-full size-full wp-image-435\" alt=\"\" srcset=\"https:\/\/nutrigas.goiania.br\/wp-content\/uploads\/2026\/03\/\ud83d\uded2-Nosso-Produto.webp 1080w, https:\/\/nutrigas.goiania.br\/wp-content\/uploads\/2026\/03\/\ud83d\uded2-Nosso-Produto-300x300.webp 300w, https:\/\/nutrigas.goiania.br\/wp-content\/uploads\/2026\/03\/\ud83d\uded2-Nosso-Produto-1024x1024.webp 1024w, https:\/\/nutrigas.goiania.br\/wp-content\/uploads\/2026\/03\/\ud83d\uded2-Nosso-Produto-150x150.webp 150w, https:\/\/nutrigas.goiania.br\/wp-content\/uploads\/2026\/03\/\ud83d\uded2-Nosso-Produto-768x768.webp 768w\" sizes=\"(max-width: 1080px) 100vw, 1080px\" \/>\t\t\t\t\t\t\t\t\t\t\t\t\t\t\t<\/div>\n\t\t\t\t<\/div>\n\t\t<div class=\"elementor-element elementor-element-64baf2cb e-con-full e-flex e-con e-child\" data-id=\"64baf2cb\" data-element_type=\"container\" data-e-type=\"container\">\n\t\t\t\t<div class=\"elementor-element elementor-element-439cd7c4 elementor-widget elementor-widget-heading\" data-id=\"439cd7c4\" data-element_type=\"widget\" data-e-type=\"widget\" data-widget_type=\"heading.default\">\n\t\t\t\t\t<h2 class=\"elementor-heading-title elementor-size-default\">G\u00e1s GLP 13kg<\/h2>\t\t\t\t<\/div>\n\t\t\t\t<div class=\"elementor-element elementor-element-bfaa58b elementor-widget elementor-widget-text-editor\" data-id=\"bfaa58b\" data-element_type=\"widget\" data-e-type=\"widget\" data-widget_type=\"text-editor.default\">\n\t\t\t\t\t\t\t\t\t<p data-start=\"94\" data-end=\"156\"><strong data-start=\"117\" data-end=\"156\">O g\u00e1s que Goi\u00e2nia confia h\u00e1 33 anos<\/strong><\/p><p data-start=\"158\" data-end=\"305\">Qualidade, seguran\u00e7a e o <strong data-start=\"183\" data-end=\"208\">menor pre\u00e7o da regi\u00e3o<\/strong>.<br data-start=\"209\" data-end=\"212\" \/>Entrega r\u00e1pida e atendimento \u00e1gil para garantir o que sua fam\u00edlia precisa, <strong data-start=\"287\" data-end=\"304\">na hora certa<\/strong>.<\/p><p data-start=\"307\" data-end=\"352\">\ud83d\udd25 <strong data-start=\"310\" data-end=\"352\">Pe\u00e7a agora e receba em poucos minutos!<\/strong><\/p>\t\t\t\t\t\t\t\t<\/div>\n\t\t\t\t<div class=\"elementor-element elementor-element-bf4f8b8 elementor-widget elementor-widget-spacer\" data-id=\"bf4f8b8\" data-element_type=\"widget\" data-e-type=\"widget\" data-widget_type=\"spacer.default\">\n\t\t\t\t\t\t\t<div class=\"elementor-spacer\">\n\t\t\t<div class=\"elementor-spacer-inner\"><\/div>\n\t\t<\/div>\n\t\t\t\t\t\t<\/div>\n\t\t\t\t<div class=\"elementor-element elementor-element-1bd879b0 elementor-mobile-align-center elementor-invisible elementor-widget elementor-widget-button\" data-id=\"1bd879b0\" data-element_type=\"widget\" data-e-type=\"widget\" data-settings=\"{&quot;_animation&quot;:&quot;fadeInDown&quot;}\" data-widget_type=\"button.default\">\n\t\t\t\t\t\t\t\t\t\t<a class=\"elementor-button elementor-button-link elementor-size-sm\" href=\"https:\/\/wa.me\/5562998192842\">\n\t\t\t\t\t\t<span class=\"elementor-button-content-wrapper\">\n\t\t\t\t\t\t\t\t\t<span class=\"elementor-button-text\">whatsapp<\/span>\n\t\t\t\t\t<\/span>\n\t\t\t\t\t<\/a>\n\t\t\t\t\t\t\t\t<\/div>\n\t\t\t\t<\/div>\n\t\t\t\t<\/div>\n\t\t<div class=\"elementor-element elementor-element-7db5057 local e-flex e-con-boxed e-con e-parent\" data-id=\"7db5057\" data-element_type=\"container\" data-e-type=\"container\" id=\"local\">\n\t\t\t\t\t<div class=\"e-con-inner\">\n\t\t\t\t<div class=\"elementor-element elementor-element-f1ee4b9 elementor-widget elementor-widget-heading\" data-id=\"f1ee4b9\" data-element_type=\"widget\" data-e-type=\"widget\" data-widget_type=\"heading.default\">\n\t\t\t\t\t<h2 class=\"elementor-heading-title elementor-size-default\">Localiza\u00e7\u00e3o<\/h2>\t\t\t\t<\/div>\n\t\t\t\t\t<\/div>\n\t\t\t\t<\/div>\n\t\t<div class=\"elementor-element elementor-element-f0fda83 e-flex e-con-boxed e-con e-parent\" data-id=\"f0fda83\" data-element_type=\"container\" data-e-type=\"container\" id=\"localizacao\">\n\t\t\t\t\t<div class=\"e-con-inner\">\n\t\t\t\t<div class=\"elementor-element elementor-element-255b807 elementor-widget elementor-widget-google_maps\" data-id=\"255b807\" data-element_type=\"widget\" data-e-type=\"widget\" data-widget_type=\"google_maps.default\">\n\t\t\t\t\t\t\t<div class=\"elementor-custom-embed\">\n\t\t\t<iframe loading=\"lazy\"\n\t\t\t\t\tsrc=\"https:\/\/maps.google.com\/maps?q=Av.%20Das%20Bandeiras%2C%201634%20-%20Quadra%2040%20Lote%205%20-%20Vila%20Mau%C3%A1%2C%20Goi%C3%A2nia%20-%20Goi%C3%A1s%2074323-100&#038;t=m&#038;z=10&#038;output=embed&#038;iwloc=near\"\n\t\t\t\t\ttitle=\"Av. Das Bandeiras, 1634 - Quadra 40 Lote 5 - Vila Mau\u00e1, Goi\u00e2nia - Goi\u00e1s 74323-100\"\n\t\t\t\t\taria-label=\"Av. Das Bandeiras, 1634 - Quadra 40 Lote 5 - Vila Mau\u00e1, Goi\u00e2nia - Goi\u00e1s 74323-100\"\n\t\t\t><\/iframe>\n\t\t<\/div>\n\t\t\t\t\t\t<\/div>\n\t\t\t\t\t<\/div>\n\t\t\t\t<\/div>\n\t\t<div class=\"elementor-element elementor-element-3ab7e9f e-flex e-con-boxed e-con e-parent\" data-id=\"3ab7e9f\" data-element_type=\"container\" data-e-type=\"container\">\n\t\t\t\t\t<div class=\"e-con-inner\">\n\t\t\t\t<div class=\"elementor-element elementor-element-fca7772 elementor-widget-divider--view-line elementor-widget elementor-widget-divider\" data-id=\"fca7772\" data-element_type=\"widget\" data-e-type=\"widget\" data-widget_type=\"divider.default\">\n\t\t\t\t\t\t\t<div class=\"elementor-divider\">\n\t\t\t<span class=\"elementor-divider-separator\">\n\t\t\t\t\t\t<\/span>\n\t\t<\/div>\n\t\t\t\t\t\t<\/div>\n\t\t\t\t\t<\/div>\n\t\t\t\t<\/div>\n\t\t<div class=\"elementor-element elementor-element-24a592b e-grid e-con-boxed e-con e-parent\" data-id=\"24a592b\" data-element_type=\"container\" data-e-type=\"container\" data-settings=\"{&quot;background_background&quot;:&quot;classic&quot;}\">\n\t\t\t\t\t<div class=\"e-con-inner\">\n\t\t\t\t<div class=\"elementor-element elementor-element-592d562 elementor-widget elementor-widget-heading\" data-id=\"592d562\" data-element_type=\"widget\" data-e-type=\"widget\" data-widget_type=\"heading.default\">\n\t\t\t\t\t<h2 class=\"elementor-heading-title elementor-size-default\">Pe\u00e7a Agora e Receba em Minutos!<\/h2>\t\t\t\t<\/div>\n\t\t\t\t<div class=\"elementor-element elementor-element-4ffc220 elementor-widget-mobile__width-auto elementor-widget elementor-widget-heading\" data-id=\"4ffc220\" data-element_type=\"widget\" data-e-type=\"widget\" data-widget_type=\"heading.default\">\n\t\t\t\t\t<h2 class=\"elementor-heading-title elementor-size-default\">Atendemos v\u00e1rias regi\u00f5es de Goi\u00e2nia para garantir rapidez na entrega. <\/h2>\t\t\t\t<\/div>\n\t\t\t\t\t<\/div>\n\t\t\t\t<\/div>\n\t\t<div class=\"elementor-element elementor-element-077de68 e-flex e-con-boxed e-con e-parent\" data-id=\"077de68\" data-element_type=\"container\" data-e-type=\"container\" data-settings=\"{&quot;background_background&quot;:&quot;classic&quot;}\">\n\t\t\t\t\t<div class=\"e-con-inner\">\n\t\t\t\t<div class=\"elementor-element elementor-element-aaea001 elementor-widget elementor-widget-image\" data-id=\"aaea001\" data-element_type=\"widget\" data-e-type=\"widget\" data-widget_type=\"image.default\">\n\t\t\t\t\t\t\t\t\t\t\t\t\t\t\t<img loading=\"lazy\" decoding=\"async\" width=\"1024\" height=\"94\" src=\"https:\/\/nutrigas.goiania.br\/wp-content\/uploads\/2026\/03\/Segunda-a-Sexta-0700-\u2013-1830-Sabado-0700-\u2013-1700-Domingo-Fechado-e1773840668164-1024x94.png\" class=\"attachment-large size-large wp-image-490\" alt=\"\" srcset=\"https:\/\/nutrigas.goiania.br\/wp-content\/uploads\/2026\/03\/Segunda-a-Sexta-0700-\u2013-1830-Sabado-0700-\u2013-1700-Domingo-Fechado-e1773840668164-1024x94.png 1024w, https:\/\/nutrigas.goiania.br\/wp-content\/uploads\/2026\/03\/Segunda-a-Sexta-0700-\u2013-1830-Sabado-0700-\u2013-1700-Domingo-Fechado-e1773840668164-300x28.png 300w, https:\/\/nutrigas.goiania.br\/wp-content\/uploads\/2026\/03\/Segunda-a-Sexta-0700-\u2013-1830-Sabado-0700-\u2013-1700-Domingo-Fechado-e1773840668164-768x70.png 768w, https:\/\/nutrigas.goiania.br\/wp-content\/uploads\/2026\/03\/Segunda-a-Sexta-0700-\u2013-1830-Sabado-0700-\u2013-1700-Domingo-Fechado-e1773840668164-1536x141.png 1536w, https:\/\/nutrigas.goiania.br\/wp-content\/uploads\/2026\/03\/Segunda-a-Sexta-0700-\u2013-1830-Sabado-0700-\u2013-1700-Domingo-Fechado-e1773840668164.png 1920w\" sizes=\"(max-width: 1024px) 100vw, 1024px\" \/>\t\t\t\t\t\t\t\t\t\t\t\t\t\t\t<\/div>\n\t\t\t\t\t<\/div>\n\t\t\t\t<\/div>\n\t\t\t\t<\/div>\n\t\t","protected":false},"excerpt":{"rendered":"<p>O SEU G\u00c1S ACABOU? a Nutrig\u00e1s resolve! Atendemos v\u00e1rias regi\u00f5es de Goi\u00e2nia para garantir rapidez na entrega. Fale conosco ! whatsapp Conhe\u00e7a a Nutrig\u00e1s A Nutrig\u00e1s \u00e9 um dep\u00f3sito de g\u00e1s de cozinha refer\u00eancia em Goi\u00e2nia, com mais de 33 anos de mercado entregando qualidade, pre\u00e7o justo e a seguran\u00e7a que sua fam\u00edlia merece. Atendemos [&hellip;]<\/p>\n","protected":false},"author":1,"featured_media":0,"parent":0,"menu_order":0,"comment_status":"closed","ping_status":"closed","template":"","meta":{"footnotes":""},"class_list":["post-98","page","type-page","status-publish","hentry"],"_links":{"self":[{"href":"https:\/\/nutrigas.goiania.br\/index.php?rest_route=\/wp\/v2\/pages\/98","targetHints":{"allow":["GET"]}}],"collection":[{"href":"https:\/\/nutrigas.goiania.br\/index.php?rest_route=\/wp\/v2\/pages"}],"about":[{"href":"https:\/\/nutrigas.goiania.br\/index.php?rest_route=\/wp\/v2\/types\/page"}],"author":[{"embeddable":true,"href":"https:\/\/nutrigas.goiania.br\/index.php?rest_route=\/wp\/v2\/users\/1"}],"replies":[{"embeddable":true,"href":"https:\/\/nutrigas.goiania.br\/index.php?rest_route=%2Fwp%2Fv2%2Fcomments&post=98"}],"version-history":[{"count":273,"href":"https:\/\/nutrigas.goiania.br\/index.php?rest_route=\/wp\/v2\/pages\/98\/revisions"}],"predecessor-version":[{"id":615,"href":"https:\/\/nutrigas.goiania.br\/index.php?rest_route=\/wp\/v2\/pages\/98\/revisions\/615"}],"wp:attachment":[{"href":"https:\/\/nutrigas.goiania.br\/index.php?rest_route=%2Fwp%2Fv2%2Fmedia&parent=98"}],"curies":[{"name":"wp","href":"https:\/\/api.w.org\/{rel}","templated":true}]}}